{"id":281,"date":"2020-05-02T15:52:52","date_gmt":"2020-05-02T15:52:52","guid":{"rendered":"https:\/\/cantinabaldassarri.it\/store\/?page_id=281"},"modified":"2020-05-02T16:29:30","modified_gmt":"2020-05-02T16:29:30","slug":"terms-conditions","status":"publish","type":"page","link":"https:\/\/cantinabaldassarri.it\/store\/en\/terms-conditions\/","title":{"rendered":"Terms &#038; Conditions"},"content":{"rendered":"\n<p>Condizioni generali di Vendita on line Eredi Baldassarri Luciano S.S.A.<\/p>\n\n\n\n<p><strong>1. Oggetto del contratto on line<\/strong><br><strong>&#8211;<\/strong>&nbsp;\u201c<strong>Fornitore<\/strong>\u201d: Eredi Baldassarri Luciano S.S.A., con sede legale in Italia, Collazzone, Strada Baldassarri Luciano n. 1 &#8211; CF. e P.IVA 03117280549, rende disponibile a tutti gli utenti la possibilit\u00e0 di acquistare a mezzo internet i propri prodotti tramite il sito www.cantinabaldassarri.it di cui \u00e8 l\u2019unica ed esclusiva titolare.&nbsp;<br>&#8211; \u201d<strong>Cliente<\/strong>\u201d: soggetto che acquista i prodotti offerti in vendita on line dal Fornitore come consumatore (persona fisica che agisce per scopi estranei alla propria attivit\u00e0 commerciale, imprenditoriale o professionale eventualmente svolta &#8211; art. 3 del Codice Consumo \u2013 D.Lgs. 206\/05) o per scopi riferibili alla propria attivit\u00e0 commerciale, imprenditoriale o professionale.&nbsp;<br>&#8211; \u201c<strong>Condizioni di vendita<\/strong>\u201d: le presenti Condizioni di vendita sono applicate dal Fornitore unicamente nei rapporti con il Cliente che acquista on line.&nbsp;<br>In caso di variazioni delle Condizioni, all&#8217;ordine di acquisto si applicheranno le Condizioni pubblicate al momento dell&#8217;invio dell&#8217;ordine stesso da parte del Cliente.<br>Il Cliente \u00e8 tenuto a leggere attentamente le presenti Condizioniche sono state messe a sua disposizione sul cantinabaldassarri.it\/store\/ , al fine di consentirne la memorizzazione e la riproduzione.<br>Le Condizioni di vendita sono regolate dalla normativa italiana in vigore applicabile in materia di vendita nonch\u00e9, ove previsto, dal Codice del Consumo (D.Lgs. n. 206\/2005 e ss. modifiche), sezione II, Contratti a distanza (artt. 50 \u2013 67) e dalle norme in materia di commercio elettronico (D. Lgs. n. 70\/2003).&nbsp;<\/p>\n\n\n\n<p><strong>2. Effettuare un Ordine<\/strong><br>2.1 I prodotti ed i relativi prezzi presenti sul sito cantinabaldassarri.it\/store\/ &nbsp;costituiscono un\u2019offerta al pubblico conformemente alle modalit\u00e0 precisate nelle presenti Condizioni di vendita e nel sito stesso. Le condizioni di tale offerta si applicano esclusivamente agli acquisti effettuati sul sito. I contratti di acquisto stipulati sul sito sono conclusi con Eredi Baldassarri Luciano (Fornitore).&nbsp;<br>2.2 E\u2019 possibile effettuare un ordine selezionando i prodotti disponibili presso il sito cantinabaldassarri.it\/store\/ dopo aver effettuato la registrazione e creato un account personale. Con l&#8217;ordine, il Cliente riconosce e dichiara di aver preso visione di tutte le indicazioni fornitegli durante la procedura d&#8217;acquisto e di accettare integralmente le Condizioni generali di vendita.&nbsp;<br>2.3 La procedura d&#8217;ordine si intende conclusa nel momento della ricezione del pagamento da parte del Fornitore. In tal caso il Fornitore dar\u00e0 riscontro della ricezione dell&#8217;ordine con l&#8217;invio di una comunicazione di conferma d&#8217;ordine all&#8217;indirizzo di posta elettronica comunicato dal Cliente. Tale conferma riepiloga gli articoli scelti, i relativi prezzi (incluse le spese di consegna), l&#8217;indirizzo per la consegna, il numero di ordine e le altre eventuali condizioni applicabili all&#8217;ordine. Il Cliente si impegna a verificare la correttezza dei dati ed a comunicare subito al Fornitore eventuali correzioni. Possibili aggravi di spese determinati da errori nei dati non segnalati tempestivamente, saranno a carico del Cliente.&nbsp;<br>2.4 Il Fornitore emette fattura\/ricevuta dei prodotti acquistati, inviandola tramite e-mail al Cliente. Per l&#8217;emissione della fattura, fanno fede le informazioni fornite dal Cliente. Nessuna variazione dei dati sar\u00e0 possibile dopo l&#8217;emissione della fattura.&nbsp;<br>2.5 \u00c8 possibile che si verifichino occasionali indisponibilit\u00e0 totali o parziali dei prodotti offerti in vendita. In tal caso il Fornitore lo comunicher\u00e0 tempestivamente al Cliente.<\/p>\n\n\n\n<p><br><strong>3. Prezzi di vendita<\/strong><br>I prezzi dei prodotti in vendita sono indicati in Euro e comprensivi di IVA.&nbsp;<br>Ai prodotti si applica il prezzo evidenziato nel sito al momento della conclusione dell&#8217;ordine.<\/p>\n\n\n\n<p><br><strong>4. Modalit\u00e0 di pagamento<\/strong><br>4.1 Il pagamento deve essere effettuato on-line anticipatamente.<br>4.2 L&#8217;importo corrispondente ai prodotti acquistati sar\u00e0 pagato dal Cliente che autorizza il Fornitore ad accreditare sul proprio conto corrente l&#8217;importo totale evidenziato quale costo dell&#8217;acquisto effettuato on-line. Tutta la procedura \u00e8 fatta tramite connessione protetta direttamente collegata a MyPos, Stripe, Paypal, titolari e gestori del servizio di pagamento on-line, al quale il Fornitore non pu\u00f2 accedere.&nbsp;<br>4.3 Il Fornitore non \u00e8 responsabile dell&#8217;eventuale uso fraudolento ed illecito che possa essere fatto da parte di terzi, di carte di credito ed altri mezzi di pagamento, all&#8217;atto del pagamento dei prodotti acquistati. Il Fornitore, infatti, in nessun momento della procedura d&#8217;acquisto \u00e8 in grado di conoscere gli estremi della carta di credito del Cliente che verranno trasmessi direttamente all&#8217;Istituto Bancario gestore del servizio; parimenti il Fornitore non \u00e8 in grado di controllare la corretta e lecita provenienza del titolo di credito che viene utilizzato dal Cliente.<\/p>\n\n\n\n<p><br><strong>5. Modalit\u00e0 di consegna<\/strong><br>5.1 Il Fornitore garantisce la consegna dei prodotti acquistati in Italia ed all\u2019estero.&nbsp;<br>5.2 Al momento dell\u2019effettuazione dell\u2019ordine sar\u00e0 indicata la data di consegna stimata (comunque al massimo entro 40 giorni dalla conclusione del contratto).&nbsp;<br>Il Fornitore, in ogni caso, non assume alcuna responsabilit\u00e0 per i disservizi imputabili a causa di forza maggiore quali incidenti, esplosioni, incendi, scioperi e\/o serrate, terremoti, alluvioni ed altri similari eventi che impediscano, in tutto o in parte, di dare esecuzione nei tempi concordati alla consegna.&nbsp;<br>5.3 Il vettore incaricato dal Fornitore provveder\u00e0 a fare due tentativi di recapito dei prodotti all&#8217;indirizzo indicato dal Cliente. Nel caso in cui tali tentativi non andassero a buon fine, i prodotti rimarranno in giacenza presso il magazzino del vettore per 5 (cinque) giorni lavorativi a disposizione del Cliente.&nbsp;<br>Nel caso di mancato ritiro dei prodotti da parte del Cliente entro il termine sopra precisato, l&#8217;ordine verr\u00e0 automaticamente annullato ed i prodotti restituiti al Fornitore. In tal caso i costi del trasporto non saranno rimborsati al Cliente.<br>5.4 Salvo diversa espressa disposizione del Cliente, il Fornitore si riserva il diritto di evadere l\u2019ordine anche attraverso consegne parziali.&nbsp;<br>5.5 Al momento della consegna dei prodotti, il Cliente \u00e8 tenuto a controllare che l&#8217;imballo risulti integro, non danneggiato, n\u00e9 bagnato o comunque alterato, anche nei materiali di chiusura.&nbsp;<br>Nel caso in cui risultino danni evidenti all&#8217;imballo e\/o al prodotto, il Cliente pu\u00f2 rifiutarne la consegna ed in tal caso i prodotti saranno restituiti al Fornitore senza alcuna spesa a carico del Cliente.&nbsp;<br>Una volta firmato il documento di consegna, il Cliente non potr\u00e0 opporre alcuna contestazione circa le caratteristiche esteriori dei prodotti consegnati.<\/p>\n\n\n\n<p><br><strong>6. Diritto di recesso del consumatore<\/strong><br>6.1 Per Eredi Baldassarri Luciano S.S.A. la qualit\u00e0 del prodotto e la priorit\u00e0 principale. I nostri prodotti sono deperibili, pertanto siamo impossibilitati di accettare il recesso dei prodotti venduti. Per qualsiasi informazione contattare sales@cantinabaldassarri.it<\/p>\n\n\n\n<p>6.2 Ordini che non sono stati spediti possono essere cancellati e rimborsati al 100%.<\/p>\n\n\n\n<p><br><strong>7. Trattamento dei dati personali<\/strong><br>I dati del Cliente sono trattati dal Fornitore conformemente a quanto previsto dalla normativa in materia di protezione dei dati personali (Regolamento UE 2016\/679 &#8211; GDPR).<\/p>\n\n\n\n<p><br><strong>8. Comunicazioni&nbsp;<\/strong><br>Ogni comunicazione potr\u00e0 essere indirizzata al Fornitore ai seguenti recapiti:&nbsp;<br><br>Eredi Baldassarri Luciano&nbsp;<br>Strada Baldassarri Luciano, 1<br>06050 Collazzone&nbsp;<br>Italia<\/p>\n\n\n\n<p><br><strong>9. Legge applicabile e Foro competente&nbsp;<\/strong><br>Le presenti Condizioni Generali di Vendita sono disciplinate dal diritto italiano e saranno interpretate in base ad esso. Di conseguenza l\u2019interpretazione, esecuzione e risoluzione delle Condizioni Generali di Vendita sono soggette esclusivamente alla legge Italiana ed eventuali controversie inerenti e\/o conseguenti alle stesse dovranno essere risolte in via esclusiva dall\u2019autorit\u00e0 giurisdizionale italiana.&nbsp;<br>In particolare, qualora il Cliente rivesta la qualifica di consumatore, le eventuali controversie dovranno essere risolte dal tribunale del luogo di domicilio o residenza dello stesso in base alla legge applicabile oppure, a scelta del consumatore in caso di azione intrapresa dal consumatore stesso, dal Tribunale di Perugia.<br>Qualora il Cliente agisca invece nell\u2019esercizio della propria attivit\u00e0 imprenditoriale, commerciale, artigianale o professionale, le parti consensualmente stabiliscono la competenza esclusiva del Foro di Perugia.<\/p>\n","protected":false},"excerpt":{"rendered":"<p>Condizioni generali di Vendita on line Eredi Baldassarri Luciano S.S.A. 1. Oggetto del contratto on line&#8211;&nbsp;\u201cFornitore\u201d: Eredi Baldassarri Luciano S.S.A., con sede legale in Italia, Collazzone, Strada Baldassarri Luciano n. 1 &#8211; CF. e P.IVA 03117280549, rende disponibile a tutti gli utenti la possibilit\u00e0 di acquistare a mezzo internet i propri prodotti tramite il sito [&hellip;]<\/p>\n","protected":false},"author":1,"featured_media":0,"parent":0,"menu_order":0,"comment_status":"closed","ping_status":"closed","template":"","meta":{"ocean_post_layout":"","ocean_both_sidebars_style":"","ocean_both_sidebars_content_width":0,"ocean_both_sidebars_sidebars_width":0,"ocean_sidebar":"","ocean_second_sidebar":"","ocean_disable_margins":"enable","ocean_add_body_class":"","ocean_shortcode_before_top_bar":"","ocean_shortcode_after_top_bar":"","ocean_shortcode_before_header":"","ocean_shortcode_after_header":"","ocean_has_shortcode":"","ocean_shortcode_after_title":"","ocean_shortcode_before_footer_widgets":"","ocean_shortcode_after_footer_widgets":"","ocean_shortcode_before_footer_bottom":"","ocean_shortcode_after_footer_bottom":"","ocean_display_top_bar":"default","ocean_display_header":"default","ocean_header_style":"","ocean_center_header_left_menu":"","ocean_custom_header_template":"","ocean_custom_logo":0,"ocean_custom_retina_logo":0,"ocean_custom_logo_max_width":0,"ocean_custom_logo_tablet_max_width":0,"ocean_custom_logo_mobile_max_width":0,"ocean_custom_logo_max_height":0,"ocean_custom_logo_tablet_max_height":0,"ocean_custom_logo_mobile_max_height":0,"ocean_header_custom_menu":"","ocean_menu_typo_font_family":"","ocean_menu_typo_font_subset":"","ocean_menu_typo_font_size":0,"ocean_menu_typo_font_size_tablet":0,"ocean_menu_typo_font_size_mobile":0,"ocean_menu_typo_font_size_unit":"px","ocean_menu_typo_font_weight":"","ocean_menu_typo_font_weight_tablet":"","ocean_menu_typo_font_weight_mobile":"","ocean_menu_typo_transform":"","ocean_menu_typo_transform_tablet":"","ocean_menu_typo_transform_mobile":"","ocean_menu_typo_line_height":0,"ocean_menu_typo_line_height_tablet":0,"ocean_menu_typo_line_height_mobile":0,"ocean_menu_typo_line_height_unit":"","ocean_menu_typo_spacing":0,"ocean_menu_typo_spacing_tablet":0,"ocean_menu_typo_spacing_mobile":0,"ocean_menu_typo_spacing_unit":"","ocean_menu_link_color":"","ocean_menu_link_color_hover":"","ocean_menu_link_color_active":"","ocean_menu_link_background":"","ocean_menu_link_hover_background":"","ocean_menu_link_active_background":"","ocean_menu_social_links_bg":"","ocean_menu_social_hover_links_bg":"","ocean_menu_social_links_color":"","ocean_menu_social_hover_links_color":"","ocean_disable_title":"default","ocean_disable_heading":"default","ocean_post_title":"","ocean_post_subheading":"","ocean_post_title_style":"","ocean_post_title_background_color":"","ocean_post_title_background":0,"ocean_post_title_bg_image_position":"","ocean_post_title_bg_image_attachment":"","ocean_post_title_bg_image_repeat":"","ocean_post_title_bg_image_size":"","ocean_post_title_height":0,"ocean_post_title_bg_overlay":0.5,"ocean_post_title_bg_overlay_color":"","ocean_disable_breadcrumbs":"default","ocean_breadcrumbs_color":"","ocean_breadcrumbs_separator_color":"","ocean_breadcrumbs_links_color":"","ocean_breadcrumbs_links_hover_color":"","ocean_display_footer_widgets":"default","ocean_display_footer_bottom":"default","ocean_custom_footer_template":""},"_links":{"self":[{"href":"https:\/\/cantinabaldassarri.it\/store\/en\/wp-json\/wp\/v2\/pages\/281"}],"collection":[{"href":"https:\/\/cantinabaldassarri.it\/store\/en\/wp-json\/wp\/v2\/pages"}],"about":[{"href":"https:\/\/cantinabaldassarri.it\/store\/en\/wp-json\/wp\/v2\/types\/page"}],"author":[{"embeddable":true,"href":"https:\/\/cantinabaldassarri.it\/store\/en\/wp-json\/wp\/v2\/users\/1"}],"replies":[{"embeddable":true,"href":"https:\/\/cantinabaldassarri.it\/store\/en\/wp-json\/wp\/v2\/comments?post=281"}],"version-history":[{"count":2,"href":"https:\/\/cantinabaldassarri.it\/store\/en\/wp-json\/wp\/v2\/pages\/281\/revisions"}],"predecessor-version":[{"id":285,"href":"https:\/\/cantinabaldassarri.it\/store\/en\/wp-json\/wp\/v2\/pages\/281\/revisions\/285"}],"wp:attachment":[{"href":"https:\/\/cantinabaldassarri.it\/store\/en\/wp-json\/wp\/v2\/media?parent=281"}],"curies":[{"name":"wp","href":"https:\/\/api.w.org\/{rel}","templated":true}]}}