{"id":3,"date":"2020-04-15T09:30:45","date_gmt":"2020-04-15T09:30:45","guid":{"rendered":"https:\/\/cantinabaldassarri.it\/store\/?page_id=3"},"modified":"2020-05-02T15:46:33","modified_gmt":"2020-05-02T15:46:33","slug":"privacy-policy","status":"publish","type":"page","link":"https:\/\/cantinabaldassarri.it\/store\/en\/privacy-policy\/","title":{"rendered":"Privacy Policy"},"content":{"rendered":"\n<p><strong>Privacy Policy<\/strong><\/p>\n\n\n\n<p><strong>L\u2019ACCESSO A QUESTO SITO WEB DA PARTE DEI VISITATORI \u00c8 SOGGETTO ALLE SEGUENTI CONDIZIONI<\/strong><\/p>\n\n\n\n<p>L\u2019accesso a questo sito web da parte dei visitatori \u00e8 soggetto alle seguenti condizioni. Le informazioni, i loghi, gli elementi grafici, i suoni, le immagini, i marchi e quant\u2019altro pubblicato e\/o riprodotto in questo sito sono di propriet\u00e0 di (o concesso da terzi in uso a) EREDI BALDASSARRI LUCIANO S.S.A.La riproduzione del contenuto del sito \u00e8 consentita esclusivamente dietro autorizzazione scritta di EREDI BALDASSARRI LUCIANO S.S.A. E\u2019 pertanto vietato modificare, copiare, riprodurre, distribuire, trasmettere o diffondere senza autorizzazione il contenuto di questo sito. In particolare, \u00e8 vietato copiare i programmi per elaboratore (software) che determinano il funzionamento di questo sito, creare programmi a questi simili, rintracciare e\/o utilizzare il codice sorgente dei suddetti programmi. EREDI BALDASSARRI LUCIANO S.S.A. non garantisce il costante aggiornamento delle informazioni contenute in questo sito n\u00e9 potr\u00e0 essere ritenuta responsabile degli eventuali danni, tra i quali le infezioni da virus informatici, che le apparecchiature dei visitatori dovessero patire a causa dell\u2019accesso e\/o dell\u2019interconnessione con questo sito o dello scaricamento (download) del suo contenuto. I collegamenti ipertestuali (link) presenti in questo sito possono indirizzare la ricerca dei visitatori verso pagine web presenti su siti diversi dal presente. In tal caso, EREDI BALDASSARRI LUCIANO S.S.A. non assume alcuna responsabilit\u00e0 in relazione sia al contenuto di quanto pubblicato su tali siti ed all\u2019uso che terzi ne possano fare, sia per quanto riguarda eventuali danni provocati da o originati in occasione dell\u2019accesso a tali siti, dell\u2019interconnessione con gli stessi o dello scaricamento del loro contenuto. Ogni informazione personale inviata al sito di EREDI BALDASSARRI LUCIANO S.S.A. sar\u00e0 trattata in modo conforme alla legge sulla privacy. Ogni informazione non personale comunicata a EREDI BALDASSARRI LUCIANO S.S.A. attraverso il presente sito (inclusi suggerimenti, idee, disegni, progetti, etc..) attribuir\u00e0 a quest\u2019ultima il diritto esclusivo, illimitato e irrevocabile, di usare, riprodurre, mostrare, eseguire, modificare, trasmettere e distribuire dette informazioni non personali. La comunicazione di tali informazioni comporter\u00e0 automaticamente il trasferimento delle stesse, a titolo gratuito, in via esclusiva e con ogni pi\u00f9 ampio diritto e facolt\u00e0, a EREDI BALDASSARRI LUCIANO S.S.A. Al presente sito si applica la normativa in vigore nel territorio della Repubblica Italiana.<\/p>\n\n\n\n<p><strong>PRIVACY E EREDI BALDASSARRI LUCIANO S.S.A.<\/strong><\/p>\n\n\n\n<p>Il trattamento dei dati personali comunicati dai visitatori a EREDI BALDASSARRI LUCIANO S.S.A. attraverso questo sito avverr\u00e0 secondo le seguenti modalit\u00e0. EREDI BALDASSARRI LUCIANO S.S.A. \u00e8 Titolare del trattamento dei dati personali alla stessa comunicati dai visitatori di questo sito. Tali dati saranno utilizzati da EREDI BALDASSARRI LUCIANO S.S.A. per i fini per i quali il soggetto cui tali dati si riferiscono abbia fornito il proprio consenso. Chiunque abbia fornito i propri dati personali a EREDI BALDASSARRI LUCIANO S.S.A. , autorizzandone il trattamento per un determinato fine, avr\u00e0 facolt\u00e0, in qualsiasi momento, di esercitare i diritti di cui al Regolamento UE 679\/2016 in materia di protezione dei dati personali (\u201cGDPR\u201d), art. 13 (qui sotto) contattando EREDI BALDASSARRI LUCIANO S.S.A., Servizio Consumatori \u2013 Strada Baldassarri Luciano 1, 06050 Collazzone, Perugia, italia. EREDI BALDASSARRI LUCIANO S.S.A. attraverso questo sito rileva dati e informazioni anonimi (tipo di browser, collocazione geografica, data e ora) che elabora anche tramite l\u2019utilizzo di cookie, per ottenere la migliore gestione e ottimizzazione del sito, nonch\u00e9 per fini statistici e per raccogliere pi\u00f9 informazioni sui propri prodotti e sul loro consumo. Tali informazioni potranno risiedere su server situati in Italia o su server centrali di EREDI BALDASSARRI LUCIANO S.S.A. situati all\u2019estero, ma non verranno in alcun caso comunicate dal titolare o suoi Responsabili a terzi n\u00e9 utilizzate per contattare i visitatori del sito salvo loro richiesta o consenso. La comunicazione di dati personali relativi a un minore deve essere effettuata da parte di un genitore o da persona che eserciti la potest\u00e0 sul minore.<\/p>\n\n\n\n<p><strong>ARTICOLO 13. (DIRITTO DI ACCESSO AI DATI PERSONALI ED ALTRI DIRITTI)<\/strong><\/p>\n\n\n\n<p>L\u2019interessato ha diritto di ottenere la conferma dell\u2019esistenza o meno di dati personali che lo riguardano, anche se non ancora registrati, e la loro comunicazione in forma intelligibile. L\u2019interessato ha diritto di ottenere l\u2019indicazione:<\/p>\n\n\n\n<ul><li>a. dell\u2019origine dei dati personali;<\/li><li>b. delle finalit\u00e0 e modalit\u00e0 del trattamento;<\/li><li>c. della logica applicata in caso di trattamento effettuato con l\u2019ausilio di strumenti elettronici;<\/li><li>d. degli estremi identificativi del titolare, dei responsabili e del rappresentante designato ai sensi dell\u2019articolo 5, comma 2;<\/li><li>e. dei soggetti o delle categorie di soggetti ai quali i dati personali possono essere comunicati o che possono venirne a conoscenza in qualit\u00e0 di rappresentante designato nel territorio dello Stato, di responsabili o incaricati.<\/li><\/ul>\n\n\n\n<p>L\u2019interessato ha diritto di ottenere:<\/p>\n\n\n\n<ul><li>a. l\u2019aggiornamento, la rettificazione ovvero, quando vi ha interesse, l\u2019integrazione dei dati;<\/li><li>b. la cancellazione, la trasformazione in forma anonima o il blocco dei dati trattati in violazione di legge, compresi quelli di cui non \u00e8 necessaria la conservazione in relazione agli scopi per i quali i dati sono stati raccolti o successivamente trattati;<\/li><li>c. l\u2019attestazione che le operazioni di cui alle lettere a) e b) sono state portate a conoscenza, anche per quanto riguarda il loro contenuto, di coloro ai quali i dati sono stati comunicati o diffusi, eccettuato il caso in cui tale adempimento si rivela impossibile o comporta un impiego di mezzi manifestamente sproporzionato rispetto al diritto tutelato.<\/li><\/ul>\n\n\n\n<p>L\u2019interessato ha diritto di opporsi, in tutto o in parte:<\/p>\n\n\n\n<ul><li>a. per motivi legittimi al trattamento dei dati personali che lo riguardano, ancorch\u00e9 pertinenti allo scopo della raccolta;<\/li><li>b. al trattamento di dati personali che lo riguardano a fini di invio di materiale pubblicitario o di vendita diretta o per il compimento di ricerche di mercato o di comunicazione commerciale.<\/li><\/ul>\n\n\n\n<p><strong>DATI SOCIETARI<\/strong><\/p>\n\n\n\n<p>Societ\u00e0: EREDI BALDASSARRI LUCIANO S.S.A.<\/p>\n\n\n\n<p>Sede legale: Collazzone (PG) Strada Baldassarri Luciano 06050 IT<\/p>\n\n\n\n<p>Partita IVA e Codice Fiscale: 03117280549<\/p>\n\n\n\n<h1>&nbsp;<\/h1>\n\n\n\n<h1>Privacy Policy<\/h1>\n\n\n\n<h3>Processing of Users\u2019 Personal Data<\/h3>\n\n\n\n<p>Personal data (including identification, address and navigation data and any choices made via the website) (hereafter referred to collectively as the \u201cData\u201d) provided by the interested party (hereafter referred to also as the \u201cUser\u201d) or automatically collected by this website (hereafter the \u201cWebsite\u201d), also by means of automated systems, are processed for the purposes and using the methods outlined hereunder.<\/p>\n\n\n\n<h3>Data Controller<\/h3>\n\n\n\n<p>EREDI BALDASSARRI LUCIANO S.S.A., whose registered office is in Strada Baldassarri Luciano, 1 06050 Collazzone \u2013 Perugia, is the Personal Data Controller.<br>The role of autonomous data controller may also be performed by any partner websites that may from time to time participate in the processing of data using methods which are in any case communicated to the interested parties in specific notices.<\/p>\n\n\n\n<h3>Types of Data<\/h3>\n\n\n\n<p>The Data that may be collected by this Website are identification and contact data, IP addresses and other Data referring to the User or their technical modes of access to the Website. Only for processing purposes other than provision of the services offered by the website and expressly requested by the interested party might the interested party\u2019s consent to processing be requested.<br>Due to the specific characteristics of the website, navigation Data technically required for use of the Website are collected necessarily and failure to acquire such Data renders use of the services offered by the website impossible. Conversely, Users may freely provide other Data, including Personal Data, even where not expressly indicated.<br>Further, failure to provide certain Data (eg. contact data or addresses or data regarding the user\u2019s behaviour or preferences, etc.) may make it impossible for the Website to provide any of the services.<br>A User who at their own discretion provides data referring to 3rd parties relieves the Website of all responsibility for the processing of such data for purposes instrumental to the services offered by the Website.<\/p>\n\n\n\n<h2>Modalit\u00e0 e luogo del Trattamento dei Dati raccolti<\/h2>\n\n\n\n<h3>Modalit\u00e0 di trattamento<\/h3>\n\n\n\n<p>Il Titolare tratta i Dati degli Interessati in maniera lecita e corretta e adotta le opportune misure di sicurezza volte ad impedire accessi non autorizzati, divulgazione, modifica o distruzione non autorizzate dei Dati. Il trattamento viene effettuato mediante strumenti informatici e\/o telematici, con modalit\u00e0 organizzative e con logiche strettamente correlate alle finalit\u00e0 indicate. Oltre al titolare, in alcuni casi, potrebbero avere accesso ai Dati categorie di responsabili ed incaricati coinvolti nell\u2019organizzazione aziendale del Sito (personale amministrativo, commerciale, marketing, legali, amministratori di sistema). Inoltre il Titolare potr\u00e0 avvalersi di soggetti esterni (come fornitori di servizi tecnici terzi, corrieri postali, hosting provider, societ\u00e0 informatiche, agenzie di comunicazione) che verranno nominati Responsabili esterni. L\u2019elenco aggiornato dei Responsabili potr\u00e0 sempre essere richiesto al Titolare del Trattamento, rivolgendosi all\u2019indirizzo indicato sopra.<\/p>\n\n\n\n<h2>How and where collected Data is processed<\/h2>\n\n\n\n<h3>Processing methods<\/h3>\n\n\n\n<p>The Data Controller processes the Data of Interested Parties in the correct and legal manner and adopts appropriate security measures to prevent non-authorized access to and non-authorized disclosure, modification or erasure of Data. Processing is carried out by computer and telecommunications systems using organizational and computing methods strictly related to the purposes indicated. In addition to the Data Controller, certain categories of managers and persons engaged in the company\u2019s management of the Website (administration, sales, marketing and legal staff and system administrators) may in some cases have access to Data. Further, the Data Controller may avail itself of external entities (such as 3rd party suppliers of technical services, postal couriers, hosting providers, IT firms, communication agencies) that will be appointed as external Processing Managers. An updated list such Processing Managers can always be requested from the Data Controller via the address indicated above.<\/p>\n\n\n\n<h3>How long and where Data are kept<\/h3>\n\n\n\n<p>Data are processed for as long as is necessary for provision of the service requested by the User, and User may always ask for their data to be removed, for legitimate reasons, from the Website\u2019s servers. Data are collected within the territory of the European Union.<\/p>\n\n\n\n<h3>Why collected Data are processed<\/h3>\n\n\n\n<p>Interested Parties\u2019 data are collected for the following purposes:<\/p>\n\n\n\n<ul><li>provision of services offered by the Website and more in general for management, administration\/accounting or technical purposes;<\/li><li>answering Users\u2019 enquiries;<\/li><li>information for Users in the event of Website maintenance or disruption of service;<\/li><li>prevention and reporting to the relevant authorities of any abuse or use in any way improper or non-complying with current law of the services provided by the Website or accessed by users via links on the Website;<\/li><li>provided the interested party gives their consent, User updates on 3rd party products or services provided by the Website, offers of discounts, free samples or complimentary items or in relation to particular promotions, commercial initiatives or market research;<\/li><li>provided the interested party gives their consent, analysis of User interests and sending of advertising messages relevant to Users\u2019 interests;<\/li><li>provided the interested party gives their consent, communication of data to 3rd party companies which will process the user\u2019s data in their capacity as autonomous data controllers on the basis of specific notices that they will send to such interested parties.<\/li><\/ul>\n\n\n\n<p>In compliance with current law, processing for commercial purposes other than those necessary for direct provision of the services offered by the Website requires the express consent of the User or Interested Party. To such end, the Data Controller formulates specific information notices to be presented in relation to particular services or processing of Data provided by the User or Interested Party.<\/p>\n\n\n\n<h3>Services provided by this Website<\/h3>\n\n\n\n<p>Use of Data by the Data Controller for other purposes or for services requiring the collaboration of partners or other 3rd parties is in any case preceded by provision of a specific notice to inform the User which may also include a request for consent if necessary.<\/p>\n\n\n\n<h3>Geolocalization data<\/h3>\n\n\n\n<p>This Website reserves the right to collect, use and share Data relative to the User\u2019s geographical position for the purpose of providing services based on such position. Most browsers and devices provide a predefined way to deny consent to geographical tracking. If the User expressly authorizes such possibility, this Website may receive information on their current geographical position.<\/p>\n\n\n\n<h3>Services provided by 3rd parties which may have access to the Data<\/h3>\n\n\n\n<p>Users may accesses certain services provided by 3rd parties via this Website. The collection and use of information by such 3rd parties are regulated by the privacy notices issued by such 3rd parties, which act as autonomous data controllers.<br>Services by 3rd parties are for monitoring the User\u2019s behaviour and in the case of \u201cprofiling\u201d may require express consent from the User.<\/p>\n\n\n\n<h3>Use of cookies<\/h3>\n\n\n\n<p>To make its services as efficient and simple to use as possible this Website may make use of cookies. For further details, please consult the website\u2019s Cookie policy.<\/p>\n\n\n\n<h3>3rd party websites<\/h3>\n\n\n\n<p>This website may contain links to other websites that have their own privacy policies. Such privacy policies may be different from the one adopted by the Data Controller, which therefore declines responsibility for 3rd party websites.<\/p>\n\n\n\n<h3>Exercising of rights by Interested Parties<\/h3>\n\n\n\n<p>Subjects to which Data refer are entitled at any time to obtain confirmation of the existence or non-existence of such data on the Data Controller\u2019s premises, to be informed of their content and origin, to check their exactness or request their integration, erasure, updating, rectification, conversion into an anonymous form or the blocking of Data processed in breach of the law, and to withhold consent, for legitimate reasons, to their processing. Requests should be addressed to the Data Controller indicated in the \u201cData Controller\u201d section at the following e-mail address: privacy@cantinabaldassarri.it<\/p>\n","protected":false},"excerpt":{"rendered":"<p>Privacy Policy L\u2019ACCESSO A QUESTO SITO WEB DA PARTE DEI VISITATORI \u00c8 SOGGETTO ALLE SEGUENTI CONDIZIONI L\u2019accesso a questo sito web da parte dei visitatori \u00e8 soggetto alle seguenti condizioni. Le informazioni, i loghi, gli elementi grafici, i suoni, le immagini, i marchi e quant\u2019altro pubblicato e\/o riprodotto in questo sito sono di propriet\u00e0 di [&hellip;]<\/p>\n","protected":false},"author":1,"featured_media":0,"parent":0,"menu_order":0,"comment_status":"closed","ping_status":"open","template":"","meta":{"ocean_post_layout":"","ocean_both_sidebars_style":"","ocean_both_sidebars_content_width":0,"ocean_both_sidebars_sidebars_width":0,"ocean_sidebar":"","ocean_second_sidebar":"","ocean_disable_margins":"enable","ocean_add_body_class":"","ocean_shortcode_before_top_bar":"","ocean_shortcode_after_top_bar":"","ocean_shortcode_before_header":"","ocean_shortcode_after_header":"","ocean_has_shortcode":"","ocean_shortcode_after_title":"","ocean_shortcode_before_footer_widgets":"","ocean_shortcode_after_footer_widgets":"","ocean_shortcode_before_footer_bottom":"","ocean_shortcode_after_footer_bottom":"","ocean_display_top_bar":"default","ocean_display_header":"default","ocean_header_style":"","ocean_center_header_left_menu":"","ocean_custom_header_template":"","ocean_custom_logo":0,"ocean_custom_retina_logo":0,"ocean_custom_logo_max_width":0,"ocean_custom_logo_tablet_max_width":0,"ocean_custom_logo_mobile_max_width":0,"ocean_custom_logo_max_height":0,"ocean_custom_logo_tablet_max_height":0,"ocean_custom_logo_mobile_max_height":0,"ocean_header_custom_menu":"","ocean_menu_typo_font_family":"","ocean_menu_typo_font_subset":"","ocean_menu_typo_font_size":0,"ocean_menu_typo_font_size_tablet":0,"ocean_menu_typo_font_size_mobile":0,"ocean_menu_typo_font_size_unit":"px","ocean_menu_typo_font_weight":"","ocean_menu_typo_font_weight_tablet":"","ocean_menu_typo_font_weight_mobile":"","ocean_menu_typo_transform":"","ocean_menu_typo_transform_tablet":"","ocean_menu_typo_transform_mobile":"","ocean_menu_typo_line_height":0,"ocean_menu_typo_line_height_tablet":0,"ocean_menu_typo_line_height_mobile":0,"ocean_menu_typo_line_height_unit":"","ocean_menu_typo_spacing":0,"ocean_menu_typo_spacing_tablet":0,"ocean_menu_typo_spacing_mobile":0,"ocean_menu_typo_spacing_unit":"","ocean_menu_link_color":"","ocean_menu_link_color_hover":"","ocean_menu_link_color_active":"","ocean_menu_link_background":"","ocean_menu_link_hover_background":"","ocean_menu_link_active_background":"","ocean_menu_social_links_bg":"","ocean_menu_social_hover_links_bg":"","ocean_menu_social_links_color":"","ocean_menu_social_hover_links_color":"","ocean_disable_title":"default","ocean_disable_heading":"default","ocean_post_title":"","ocean_post_subheading":"","ocean_post_title_style":"","ocean_post_title_background_color":"","ocean_post_title_background":0,"ocean_post_title_bg_image_position":"","ocean_post_title_bg_image_attachment":"","ocean_post_title_bg_image_repeat":"","ocean_post_title_bg_image_size":"","ocean_post_title_height":0,"ocean_post_title_bg_overlay":0.5,"ocean_post_title_bg_overlay_color":"","ocean_disable_breadcrumbs":"default","ocean_breadcrumbs_color":"","ocean_breadcrumbs_separator_color":"","ocean_breadcrumbs_links_color":"","ocean_breadcrumbs_links_hover_color":"","ocean_display_footer_widgets":"default","ocean_display_footer_bottom":"default","ocean_custom_footer_template":""},"_links":{"self":[{"href":"https:\/\/cantinabaldassarri.it\/store\/en\/wp-json\/wp\/v2\/pages\/3"}],"collection":[{"href":"https:\/\/cantinabaldassarri.it\/store\/en\/wp-json\/wp\/v2\/pages"}],"about":[{"href":"https:\/\/cantinabaldassarri.it\/store\/en\/wp-json\/wp\/v2\/types\/page"}],"author":[{"embeddable":true,"href":"https:\/\/cantinabaldassarri.it\/store\/en\/wp-json\/wp\/v2\/users\/1"}],"replies":[{"embeddable":true,"href":"https:\/\/cantinabaldassarri.it\/store\/en\/wp-json\/wp\/v2\/comments?post=3"}],"version-history":[{"count":1,"href":"https:\/\/cantinabaldassarri.it\/store\/en\/wp-json\/wp\/v2\/pages\/3\/revisions"}],"predecessor-version":[{"id":280,"href":"https:\/\/cantinabaldassarri.it\/store\/en\/wp-json\/wp\/v2\/pages\/3\/revisions\/280"}],"wp:attachment":[{"href":"https:\/\/cantinabaldassarri.it\/store\/en\/wp-json\/wp\/v2\/media?parent=3"}],"curies":[{"name":"wp","href":"https:\/\/api.w.org\/{rel}","templated":true}]}}